{"id":13,"date":"2021-12-14T20:06:51","date_gmt":"2021-12-14T23:06:51","guid":{"rendered":"http:\/\/campingreinodeandalasia.com.br\/?page_id=13"},"modified":"2025-01-09T01:55:11","modified_gmt":"2025-01-09T04:55:11","slug":"camping-reino-de-andalasia-chapada-dos-veadeiros","status":"publish","type":"page","link":"https:\/\/campingreinodeandalasia.com.br\/","title":{"rendered":"Reino de Andalasia Camping Chapada dos Veadeiros"},"content":{"rendered":"\n<h3 class=\"wp-block-heading\">Reino de Andalasia Camping Chapada dos Veadeiros<\/h3>\n\n\n\n<p>Bem-vindo ao <a href=\"https:\/\/campingreinodeandalasia.com.br\/\">Reino de Andalasia Camping Chapada dos Veadeiros<\/a>, um camping premium <a href=\"https:\/\/goo.gl\/maps\/sFty8GzjucMXRnUBA\" target=\"_blank\" rel=\"noopener\">localizado <\/a>na bela <a href=\"https:\/\/goo.gl\/maps\/sFty8GzjucMXRnUBA\" target=\"_blank\" rel=\"noopener\">Chapada dos Veadeiros<\/a> em <a href=\"https:\/\/goo.gl\/maps\/sFty8GzjucMXRnUBA\" target=\"_blank\" rel=\"noopener\">Alto Para\u00edso de Goi\u00e1s<\/a>. Nossa proposta \u00e9 oferecer uma experi\u00eancia \u00fanica e singular de hospedagem na natureza, com conforto e estilo.<\/p>\n\n\n\n<p>Localizado a 2,6 km do centro da cidade, perto da BR010\/Rodovia GO-118, do aeroporto e de atrativos tur\u00edsticos, oferecemos acomoda\u00e7\u00f5es com piscina ao ar livre, jardim e recep\u00e7\u00e3o 24 horas. O ambiente \u00e9 r\u00fastico e aconchegante, com paisagismo cuidadosamente planejado e partes do cerrado local preservadas para trazer a melhor experi\u00eancia para nossos h\u00f3spedes.<\/p>\n\n\n\n<p>As <a href=\"https:\/\/campingreinodeandalasia.com.br\/index.php\/estruturas-do-camping\/\">unidades <\/a>disp\u00f5em de varanda t\u00e9rrea com <a href=\"https:\/\/campingreinodeandalasia.com.br\/index.php\/estruturas-do-camping\/\">vista da piscina<\/a>, <a href=\"https:\/\/campingreinodeandalasia.com.br\/index.php\/estruturas-do-camping\/\">cozinha <\/a>com micro-ondas e <a href=\"https:\/\/campingreinodeandalasia.com.br\/index.php\/estruturas-do-camping\/\">geladeira <\/a>e <a href=\"https:\/\/campingreinodeandalasia.com.br\/index.php\/estruturas-do-camping\/\">banheiro <\/a>compartilhado com chuveiro. <a href=\"https:\/\/campingreinodeandalasia.com.br\/index.php\/estruturas-do-camping\/\">Todas as unidades<\/a> possuem \u00e1rea de estar e para refei\u00e7\u00f5es, e uma churrasqueira est\u00e1 dispon\u00edvel para uso dos h\u00f3spedes. O Parque Natural da Chapada dos Veadeiros fica a 16 km do Camping Reino de Andalasia.<\/p>\n\n\n\n<p>Al\u00e9m disso, oferecemos WiFi gratuito em todas as \u00e1reas, para que voc\u00ea possa ficar conectado durante sua estadia. Entre em contato conosco hoje para reservar sua acampamento e come\u00e7ar a planejar sua aventura na Chapada dos Veadeiros.<\/p>\n\n\n\n<p>A Chapada dos Veadeiros \u00e9 uma regi\u00e3o incr\u00edvel, repleta de cachoeiras, rios cristalinos e trilhas que levam a paisagens deslumbrantes. O Parque Natural da Chapada dos Veadeiros \u00e9 o principal atrativo da regi\u00e3o e oferece uma variedade de atividades para os visitantes, como caminhadas, passeios a cavalo e banhos nas cachoeiras.<\/p>\n\n\n\n<p>Al\u00e9m disso, a cidade de Alto Para\u00edso de Goi\u00e1s \u00e9 conhecida por sua comunidade art\u00edstica e hippie, e oferece uma variedade de op\u00e7\u00f5es de restaurantes, bares e lojas. \u00c9 tamb\u00e9m um \u00f3timo lugar para praticar yoga e medita\u00e7\u00e3o, e \u00e9 um destino popular para os amantes de esportes radicais, como rapel e voo livre.<\/p>\n\n\n\n<p>N\u00e3o perca mais tempo e venha desfrutar das maravilhas da Chapada dos Veadeiros e da natureza com a gente. Fa\u00e7a sua reserva atrav\u00e9s dos links de contato ou pelo WhatsApp dispon\u00edveis no nosso site e garanta j\u00e1 sua hospedagem no Camping Reino de Andalasia.<\/p>\n\n\n\n<p><a href=\"https:\/\/linktr.ee\/campingreinodeandalasia\" target=\"_blank\" rel=\"noopener\">Hospedagem em Camping na Chapada dos Veadeiros<\/a><\/p>\n\n\n\n<p><a href=\"https:\/\/linktr.ee\/campingreinodeandalasia\" target=\"_blank\" rel=\"noopener\">Hospedagem em Camping na Alto Para\u00edso Goi\u00e1s<\/a><\/p>\n\n\n\n<p><a href=\"https:\/\/linktr.ee\/campingreinodeandalasia\" target=\"_blank\" rel=\"noopener\">Hospedagem em Camping em S\u00e3o Jorge<\/a><\/p>\n\n\n\n<p><a href=\"https:\/\/linktr.ee\/campingreinodeandalasia\" target=\"_blank\" rel=\"noopener\">Paque Nacional da Chapada dos Veadeiros<\/a><\/p>\n","protected":false},"excerpt":{"rendered":"<p>Reino de Andalasia Camping Chapada dos Veadeiros Bem-vindo ao Reino de Andalasia Camping Chapada dos Veadeiros, um camping premium localizado na bela Chapada dos Veadeiros em Alto Para\u00edso de Goi\u00e1s. Nossa proposta \u00e9 oferecer uma experi\u00eancia \u00fanica e singular de hospedagem na natureza, com conforto e estilo. Localizado a 2,6 km do centro da cidade, [&hellip;]<\/p>\n","protected":false},"author":1,"featured_media":635,"parent":0,"menu_order":0,"comment_status":"closed","ping_status":"closed","template":"templates\/template-homepage.php","meta":{"_monsterinsights_skip_tracking":false,"_monsterinsights_sitenote_active":false,"_monsterinsights_sitenote_note":"","_monsterinsights_sitenote_category":0,"_uf_show_specific_survey":0,"_uf_disable_surveys":false,"footnotes":""},"class_list":["post-13","page","type-page","status-publish","has-post-thumbnail","hentry"],"jetpack_sharing_enabled":true,"_links":{"self":[{"href":"https:\/\/campingreinodeandalasia.com.br\/index.php\/wp-json\/wp\/v2\/pages\/13","targetHints":{"allow":["GET"]}}],"collection":[{"href":"https:\/\/campingreinodeandalasia.com.br\/index.php\/wp-json\/wp\/v2\/pages"}],"about":[{"href":"https:\/\/campingreinodeandalasia.com.br\/index.php\/wp-json\/wp\/v2\/types\/page"}],"author":[{"embeddable":true,"href":"https:\/\/campingreinodeandalasia.com.br\/index.php\/wp-json\/wp\/v2\/users\/1"}],"replies":[{"embeddable":true,"href":"https:\/\/campingreinodeandalasia.com.br\/index.php\/wp-json\/wp\/v2\/comments?post=13"}],"version-history":[{"count":34,"href":"https:\/\/campingreinodeandalasia.com.br\/index.php\/wp-json\/wp\/v2\/pages\/13\/revisions"}],"predecessor-version":[{"id":703,"href":"https:\/\/campingreinodeandalasia.com.br\/index.php\/wp-json\/wp\/v2\/pages\/13\/revisions\/703"}],"wp:featuredmedia":[{"embeddable":true,"href":"https:\/\/campingreinodeandalasia.com.br\/index.php\/wp-json\/wp\/v2\/media\/635"}],"wp:attachment":[{"href":"https:\/\/campingreinodeandalasia.com.br\/index.php\/wp-json\/wp\/v2\/media?parent=13"}],"curies":[{"name":"wp","href":"https:\/\/api.w.org\/{rel}","templated":true}]}}